{"id":49907,"date":"2024-11-26T15:59:40","date_gmt":"2024-11-26T18:59:40","guid":{"rendered":"https:\/\/123empregos.com.br\/blog\/?page_id=49907"},"modified":"2025-04-23T11:36:49","modified_gmt":"2025-04-23T14:36:49","slug":"whatsapp","status":"publish","type":"page","link":"https:\/\/99empregos.com.br\/blog\/whatsapp\/","title":{"rendered":"Whatsapp"},"content":{"rendered":"<p>Participe de nossas comunidades no <strong>whatsapp<\/strong> e fique atualizado(a)! Todas not\u00edcias e dicas ser\u00e3o publicadas de imediato e GRATUITAMENTE.<\/p>\n<ul>\n<li><strong>Empregos<\/strong>: clique aqui<\/li>\n<li><strong>ENEM e Educa\u00e7\u00e3o<\/strong>: clique aqui<\/li>\n<li><strong>CONCURSOS FEDERAIS E REGIONAIS:<\/strong> clique aqui<\/li>\n<li><strong>CONCURSOS POR ESTADO<\/strong>, escolha seu Estado abaixo:<\/li>\n<\/ul>\n<table border=\"1\" width=\"501\" align=\"center\">\n<tbody>\n<tr>\n<td>AC<\/td>\n<td>AL\u00a0<\/td>\n<td>AM<\/td>\n<td>AP<\/td>\n<td>BA<\/td>\n<td>CE<\/td>\n<td>DF<\/td>\n<td>ES<\/td>\n<td>GO<\/td>\n<\/tr>\n<tr>\n<td>MA<\/td>\n<td>MG<\/td>\n<td>MS<\/td>\n<td><a href=\"https:\/\/chat.whatsapp.com\/GGkTQ77GKpM1NeCOTdB3Zq\" target=\"_blank\" rel=\"noopener noreferrer\">MT<\/a><\/td>\n<td><a href=\"https:\/\/chat.whatsapp.com\/ImLD2TnhSUm6BXVfMKbbMn\" target=\"_blank\" rel=\"noopener noreferrer\">PA<\/a><\/td>\n<td><a href=\"https:\/\/chat.whatsapp.com\/ELyZZQ8Ye80CfyxasIOJAa\" target=\"_blank\" rel=\"noopener noreferrer\">PB<\/a><\/td>\n<td><a href=\"https:\/\/chat.whatsapp.com\/DuhuFWDxWvq5SzMzacRkj5\" target=\"_blank\" rel=\"noopener noreferrer\">PE<\/a><\/td>\n<td><a href=\"https:\/\/chat.whatsapp.com\/CYCsh4PYfVJ3qAKcXt1nK9\" target=\"_blank\" rel=\"noopener noreferrer\">PI<\/a><\/td>\n<td><a href=\"https:\/\/chat.whatsapp.com\/FlyEwHraELd0wNsKAWeJIk\" target=\"_blank\" rel=\"noopener noreferrer\">PR<\/a><\/td>\n<\/tr>\n<tr>\n<td><a href=\"https:\/\/chat.whatsapp.com\/KYuvQbmkAjNKsMJPLsQGjO\" target=\"_blank\" rel=\"noopener noreferrer\">RJ<\/a><\/td>\n<td><a href=\"https:\/\/chat.whatsapp.com\/EFVCOQdo0NsFiffOBC8AjG\" target=\"_blank\" rel=\"noopener noreferrer\">RN<\/a><\/td>\n<td><a href=\"https:\/\/chat.whatsapp.com\/DYuToeMsV8g1plxysvNDTS\" target=\"_blank\" rel=\"noopener noreferrer\">RO<\/a><\/td>\n<td><a href=\"https:\/\/chat.whatsapp.com\/KotlDD4dna58dgz5VhLMIR\" target=\"_blank\" rel=\"noopener noreferrer\">RR<\/a><\/td>\n<td><a href=\"https:\/\/chat.whatsapp.com\/HwjGawAp3vZ1I88ejpiOMG\" target=\"_blank\" rel=\"noopener noreferrer\">RS<\/a><\/td>\n<td><a href=\"https:\/\/chat.whatsapp.com\/BxSu3U7SKSuATQA0ztfFna\" target=\"_blank\" rel=\"noopener noreferrer\">SC<\/a><\/td>\n<td><a href=\"https:\/\/chat.whatsapp.com\/Hx3awHcLRG87PQbl7GLyK9\" target=\"_blank\" rel=\"noopener noreferrer\">SE<\/a><\/td>\n<td><a href=\"https:\/\/chat.whatsapp.com\/I4eGWGRamcK7M6aTPufiIe\" target=\"_blank\" rel=\"noopener noreferrer\">SP<\/a><\/td>\n<td><a href=\"https:\/\/chat.whatsapp.com\/EFVCOQdo0NsFiffOBC8AjG\" target=\"_blank\" rel=\"noopener noreferrer\">TO<\/a><\/td>\n<\/tr>\n<\/tbody>\n<\/table>\n<ul>\n<li><strong>Moedas Raras: <\/strong><a href=\"https:\/\/chat.whatsapp.com\/EZHLOeP0WrY0N98IjxxSYK\" target=\"_blank\" rel=\"noopener\">clique aqui<\/a><\/li>\n<li><strong>Bolsa Fam\u00edlia, Benef\u00edcios Sociais e Direitos Trabalhador<\/strong>: <a href=\"https:\/\/chat.whatsapp.com\/JnveanVBSmZ01nFLiEagM0\" target=\"_blank\" rel=\"noopener\">clique aqui<\/a><\/li>\n<li><strong>INSS<\/strong>(Bpc, aposentados, fgts e outros): <a href=\"https:\/\/chat.whatsapp.com\/JlkhvMhes32KoCOva6G52S\" target=\"_blank\" rel=\"noopener\">clique aqui<\/a><\/li>\n<li><strong>Loterias<\/strong>: <a href=\"https:\/\/chat.whatsapp.com\/CxwZNR1iR8QKTczFpHt23a\" target=\"_blank\" rel=\"noopener\">clique aqui<\/a><\/li>\n<li><strong>Receitas e Dicas: <\/strong><a href=\"https:\/\/chat.whatsapp.com\/E1hWKUzXufQDB0ZUM6Ki6P\" target=\"_blank\" rel=\"noopener\">clique aqui<\/a><\/li>\n<li><strong>Futebol: <\/strong><a href=\"https:\/\/chat.whatsapp.com\/DkVHaxg4oFGHv0fjIvlz5b\" target=\"_blank\" rel=\"noopener\">clique aqui<\/a><\/li>\n<li><strong>Celebridades(BBB 2024): <\/strong><a href=\"https:\/\/chat.whatsapp.com\/CUfHLuVVja4F5YvUl6Bbh9\" target=\"_blank\" rel=\"noopener\">clique aqui<\/a><\/li>\n<li><strong>Tr\u00e2nsito e Carros: <\/strong><a href=\"https:\/\/chat.whatsapp.com\/KqSlI5IR3eO2j41fdWeVHH\" target=\"_blank\" rel=\"noopener\">clique aqui<\/a><\/li>\n<\/ul>\n","protected":false},"excerpt":{"rendered":"<p>Participe de nossas comunidades no whatsapp e fique atualizado(a)! Todas not\u00edcias e dicas ser\u00e3o publicadas de imediato e GRATUITAMENTE. Empregos: clique aqui ENEM e Educa\u00e7\u00e3o: clique aqui CONCURSOS FEDERAIS E REGIONAIS: clique aqui CONCURSOS POR ESTADO, escolha seu Estado abaixo: AC AL\u00a0 AM AP BA CE DF ES GO MA MG MS MT PA PB [&hellip;]<\/p>\n","protected":false},"author":1,"featured_media":0,"parent":0,"menu_order":0,"comment_status":"closed","ping_status":"closed","template":"","meta":{"footnotes":""},"class_list":["post-49907","page","type-page","status-publish","hentry"],"_links":{"self":[{"href":"https:\/\/99empregos.com.br\/blog\/wp-json\/wp\/v2\/pages\/49907","targetHints":{"allow":["GET"]}}],"collection":[{"href":"https:\/\/99empregos.com.br\/blog\/wp-json\/wp\/v2\/pages"}],"about":[{"href":"https:\/\/99empregos.com.br\/blog\/wp-json\/wp\/v2\/types\/page"}],"author":[{"embeddable":true,"href":"https:\/\/99empregos.com.br\/blog\/wp-json\/wp\/v2\/users\/1"}],"replies":[{"embeddable":true,"href":"https:\/\/99empregos.com.br\/blog\/wp-json\/wp\/v2\/comments?post=49907"}],"version-history":[{"count":0,"href":"https:\/\/99empregos.com.br\/blog\/wp-json\/wp\/v2\/pages\/49907\/revisions"}],"wp:attachment":[{"href":"https:\/\/99empregos.com.br\/blog\/wp-json\/wp\/v2\/media?parent=49907"}],"curies":[{"name":"wp","href":"https:\/\/api.w.org\/{rel}","templated":true}]}}